{"id":148,"date":"2019-03-12T21:26:27","date_gmt":"2019-03-12T21:26:27","guid":{"rendered":"http:\/\/fabianamargulis.com.ar\/?page_id=148"},"modified":"2020-01-21T19:32:48","modified_gmt":"2020-01-21T19:32:48","slug":"servicios","status":"publish","type":"page","link":"https:\/\/fabianamargulis.com.ar\/es\/servicios\/","title":{"rendered":"Servicios"},"content":{"rendered":"<div class=\"fusion-fullwidth fullwidth-box fusion-builder-row-1 nonhundred-percent-fullwidth non-hundred-percent-height-scrolling\" style=\"--awb-border-radius-top-left:0px;--awb-border-radius-top-right:0px;--awb-border-radius-bottom-right:0px;--awb-border-radius-bottom-left:0px;--awb-padding-top:8%;--awb-padding-bottom:5%;--awb-flex-wrap:wrap;\" ><div class=\"fusion-builder-row fusion-row\"><div class=\"fusion-layout-column fusion_builder_column fusion-builder-column-0 fusion_builder_column_1_1 1_1 fusion-one-full fusion-column-first fusion-column-last fusion-animated\" style=\"--awb-bg-size:cover;\" data-animationType=\"fadeInDown\" data-animationDuration=\"0.8\" data-animationOffset=\"top-into-view\"><div class=\"fusion-column-wrapper fusion-column-has-shadow fusion-flex-column-wrapper-legacy\"><div class=\"fusion-blog-shortcode fusion-blog-shortcode-1 fusion-blog-archive fusion-blog-layout-grid-wrapper fusion-blog-infinite\"><style type=\"text\/css\">.fusion-blog-shortcode-1 .fusion-blog-layout-grid .fusion-post-grid{padding:10px;}.fusion-blog-shortcode-1 .fusion-posts-container{margin-left: -10px !important; margin-right:-10px !important;}<\/style><div class=\"fusion-posts-container fusion-posts-container-infinite fusion-blog-rollover fusion-blog-layout-grid fusion-blog-layout-grid-2 isotope fusion-blog-layout-masonry\" data-pages=\"1\" data-grid-col-space=\"20\" style=\"margin: -10px -10px 0;min-height:500px;\"><article class=\"fusion-post-grid fusion-post-masonry post fusion-grid-sizer\"><\/article><article id=\"blog-1-post-171\" class=\"fusion-post-masonry fusion-post-grid fusion-element-grid post-171 post type-post status-publish format-standard has-post-thumbnail hentry category-servicios\">\n<div class=\"fusion-post-wrapper\" style=\"background-color:rgba(255,255,255,1);border:1px solid #ebeaea;border-bottom-width:3px;\"><div  class=\"fusion-masonry-element-container fusion-image-wrapper\" style=\"background-image:url(https:\/\/fabianamargulis.com.ar\/wp-content\/uploads\/2023\/07\/1.jpg);padding-top:calc((100% + 18px) * 0.8 - 10px);\" aria-haspopup=\"true\">\n\t\t\t\t<img decoding=\"async\" width=\"1920\" height=\"1280\" src=\"https:\/\/fabianamargulis.com.ar\/wp-content\/uploads\/2023\/07\/1.jpg\" class=\"attachment-full size-full wp-post-image\" alt=\"\" srcset=\"https:\/\/fabianamargulis.com.ar\/wp-content\/uploads\/2023\/07\/1-200x133.jpg 200w, https:\/\/fabianamargulis.com.ar\/wp-content\/uploads\/2023\/07\/1-400x267.jpg 400w, https:\/\/fabianamargulis.com.ar\/wp-content\/uploads\/2023\/07\/1-600x400.jpg 600w, https:\/\/fabianamargulis.com.ar\/wp-content\/uploads\/2023\/07\/1-800x533.jpg 800w, https:\/\/fabianamargulis.com.ar\/wp-content\/uploads\/2023\/07\/1-1200x800.jpg 1200w, https:\/\/fabianamargulis.com.ar\/wp-content\/uploads\/2023\/07\/1.jpg 1920w\" sizes=\"(min-width: 2200px) 100vw, (min-width: 732px) 530px, (min-width: 640px) 732px, \" \/><div class=\"fusion-rollover\">\n\t<div class=\"fusion-rollover-content\">\n\n\t\t\t\t\n\t\t\n\t\t\t\t\t\t\t\t\t\t\t\t<h4 class=\"fusion-rollover-title\">\n\t\t\t\t\t<a class=\"fusion-rollover-title-link\" href=\"https:\/\/fabianamargulis.com.ar\/es\/traducciones\/\">\n\t\t\t\t\t\tTraducciones\t\t\t\t\t<\/a>\n\t\t\t\t<\/h4>\n\t\t\t\n\t\t\t\t\t\t\t\t\t\t<div class=\"fusion-rollover-categories\"><a href=\"https:\/\/fabianamargulis.com.ar\/es\/category\/servicios\/\" rel=\"tag\">Servicios<\/a><\/div>\t\t\t\t\t\n\t\t\n\t\t\t\t\t\t<a class=\"fusion-link-wrapper\" href=\"https:\/\/fabianamargulis.com.ar\/es\/traducciones\/\" aria-label=\"Traducciones\"><\/a>\n\t<\/div>\n<\/div>\n<\/div>\n<div class=\"fusion-post-content-wrapper\" style=\"padding:30px 25px 20px 25px;background-color:rgba(255,255,255,1);\"><div class=\"fusion-post-content post-content\"><h2 class=\"blog-shortcode-post-title entry-title\"><a href=\"https:\/\/fabianamargulis.com.ar\/es\/traducciones\/\">Traducciones<\/a><\/h2><div class=\"fusion-post-content-container\"><p>    Traducci\u00f3n e Interpretaci\u00f3n   Servicios Ofrecidos  Traducciones jur\u00eddicas: son traducciones que requieren de la firma y sello de un traductor p\u00fablico matriculado y del<\/p><\/div><\/div><div class=\"fusion-meta-info\"><div class=\"fusion-alignleft\"><a class=\"fusion-read-more\" href=\"https:\/\/fabianamargulis.com.ar\/es\/traducciones\/\" aria-label=\"More on Traducciones\">Read More<\/a><\/div><\/div><\/div><div class=\"fusion-clearfix\"><\/div><\/div>\n<\/article>\n<article id=\"blog-1-post-169\" class=\"fusion-post-masonry fusion-post-grid fusion-element-grid post-169 post type-post status-publish format-standard has-post-thumbnail hentry category-servicios\">\n<div class=\"fusion-post-wrapper\" style=\"background-color:rgba(255,255,255,1);border:1px solid #ebeaea;border-bottom-width:3px;\"><div  class=\"fusion-masonry-element-container fusion-image-wrapper\" style=\"background-image:url(https:\/\/fabianamargulis.com.ar\/wp-content\/uploads\/2023\/07\/2.jpg);padding-top:calc((100% + 18px) * 0.8 - 10px);\" aria-haspopup=\"true\">\n\t\t\t\t<img decoding=\"async\" width=\"1920\" height=\"1280\" src=\"https:\/\/fabianamargulis.com.ar\/wp-content\/uploads\/2023\/07\/2.jpg\" class=\"attachment-full size-full wp-post-image\" alt=\"\" srcset=\"https:\/\/fabianamargulis.com.ar\/wp-content\/uploads\/2023\/07\/2-200x133.jpg 200w, https:\/\/fabianamargulis.com.ar\/wp-content\/uploads\/2023\/07\/2-400x267.jpg 400w, https:\/\/fabianamargulis.com.ar\/wp-content\/uploads\/2023\/07\/2-600x400.jpg 600w, https:\/\/fabianamargulis.com.ar\/wp-content\/uploads\/2023\/07\/2-800x533.jpg 800w, https:\/\/fabianamargulis.com.ar\/wp-content\/uploads\/2023\/07\/2-1200x800.jpg 1200w, https:\/\/fabianamargulis.com.ar\/wp-content\/uploads\/2023\/07\/2.jpg 1920w\" sizes=\"(min-width: 2200px) 100vw, (min-width: 732px) 530px, (min-width: 640px) 732px, \" \/><div class=\"fusion-rollover\">\n\t<div class=\"fusion-rollover-content\">\n\n\t\t\t\t\n\t\t\n\t\t\t\t\t\t\t\t\t\t\t\t<h4 class=\"fusion-rollover-title\">\n\t\t\t\t\t<a class=\"fusion-rollover-title-link\" href=\"https:\/\/fabianamargulis.com.ar\/es\/clases-de-idiomas\/\">\n\t\t\t\t\t\tClases de Idiomas\t\t\t\t\t<\/a>\n\t\t\t\t<\/h4>\n\t\t\t\n\t\t\t\t\t\t\t\t\t\t<div class=\"fusion-rollover-categories\"><a href=\"https:\/\/fabianamargulis.com.ar\/es\/category\/servicios\/\" rel=\"tag\">Servicios<\/a><\/div>\t\t\t\t\t\n\t\t\n\t\t\t\t\t\t<a class=\"fusion-link-wrapper\" href=\"https:\/\/fabianamargulis.com.ar\/es\/clases-de-idiomas\/\" aria-label=\"Clases de Idiomas\"><\/a>\n\t<\/div>\n<\/div>\n<\/div>\n<div class=\"fusion-post-content-wrapper\" style=\"padding:30px 25px 20px 25px;background-color:rgba(255,255,255,1);\"><div class=\"fusion-post-content post-content\"><h2 class=\"blog-shortcode-post-title entry-title\"><a href=\"https:\/\/fabianamargulis.com.ar\/es\/clases-de-idiomas\/\">Clases de Idiomas<\/a><\/h2><div class=\"fusion-post-content-container\"><p>    Clases de Idiomas   Servicios Ofrecidos  Clases en forma presencial u online de los siguientes idiomas: Ingl\u00e9s: clases de ingl\u00e9s de negocios para ejecutivos.<\/p><\/div><\/div><div class=\"fusion-meta-info\"><div class=\"fusion-alignleft\"><a class=\"fusion-read-more\" href=\"https:\/\/fabianamargulis.com.ar\/es\/clases-de-idiomas\/\" aria-label=\"More on Clases de Idiomas\">Read More<\/a><\/div><\/div><\/div><div class=\"fusion-clearfix\"><\/div><\/div>\n<\/article>\n<article id=\"blog-1-post-163\" class=\"fusion-post-masonry fusion-post-grid fusion-element-grid post-163 post type-post status-publish format-standard has-post-thumbnail hentry category-servicios\">\n<div class=\"fusion-post-wrapper\" style=\"background-color:rgba(255,255,255,1);border:1px solid #ebeaea;border-bottom-width:3px;\"><div  class=\"fusion-masonry-element-container fusion-image-wrapper\" style=\"background-image:url(https:\/\/fabianamargulis.com.ar\/wp-content\/uploads\/2023\/07\/3.jpg);padding-top:calc((100% + 18px) * 0.8 - 10px);\" aria-haspopup=\"true\">\n\t\t\t\t<img decoding=\"async\" width=\"1920\" height=\"1280\" src=\"https:\/\/fabianamargulis.com.ar\/wp-content\/uploads\/2023\/07\/3.jpg\" class=\"attachment-full size-full wp-post-image\" alt=\"\" srcset=\"https:\/\/fabianamargulis.com.ar\/wp-content\/uploads\/2023\/07\/3-200x133.jpg 200w, https:\/\/fabianamargulis.com.ar\/wp-content\/uploads\/2023\/07\/3-400x267.jpg 400w, https:\/\/fabianamargulis.com.ar\/wp-content\/uploads\/2023\/07\/3-600x400.jpg 600w, https:\/\/fabianamargulis.com.ar\/wp-content\/uploads\/2023\/07\/3-800x533.jpg 800w, https:\/\/fabianamargulis.com.ar\/wp-content\/uploads\/2023\/07\/3-1200x800.jpg 1200w, https:\/\/fabianamargulis.com.ar\/wp-content\/uploads\/2023\/07\/3.jpg 1920w\" sizes=\"(min-width: 2200px) 100vw, (min-width: 732px) 530px, (min-width: 640px) 732px, \" \/><div class=\"fusion-rollover\">\n\t<div class=\"fusion-rollover-content\">\n\n\t\t\t\t\n\t\t\n\t\t\t\t\t\t\t\t\t\t\t\t<h4 class=\"fusion-rollover-title\">\n\t\t\t\t\t<a class=\"fusion-rollover-title-link\" href=\"https:\/\/fabianamargulis.com.ar\/es\/abogacia\/\">\n\t\t\t\t\t\tAbogac\u00eda\t\t\t\t\t<\/a>\n\t\t\t\t<\/h4>\n\t\t\t\n\t\t\t\t\t\t\t\t\t\t<div class=\"fusion-rollover-categories\"><a href=\"https:\/\/fabianamargulis.com.ar\/es\/category\/servicios\/\" rel=\"tag\">Servicios<\/a><\/div>\t\t\t\t\t\n\t\t\n\t\t\t\t\t\t<a class=\"fusion-link-wrapper\" href=\"https:\/\/fabianamargulis.com.ar\/es\/abogacia\/\" aria-label=\"Abogac\u00eda\"><\/a>\n\t<\/div>\n<\/div>\n<\/div>\n<div class=\"fusion-post-content-wrapper\" style=\"padding:30px 25px 20px 25px;background-color:rgba(255,255,255,1);\"><div class=\"fusion-post-content post-content\"><h2 class=\"blog-shortcode-post-title entry-title\"><a href=\"https:\/\/fabianamargulis.com.ar\/es\/abogacia\/\">Abogac\u00eda<\/a><\/h2><div class=\"fusion-post-content-container\"><p>    Abogada   Servicios Ofrecidos  Asesoramiento jur\u00eddico. Asistencia a mediaciones. Divorcios, juicios de alimentos, contratos. Arquitectura legal. Patolog\u00edas de la construcci\u00f3n. Pericias.  Estudios Cursados<\/p><\/div><\/div><div class=\"fusion-meta-info\"><div class=\"fusion-alignleft\"><a class=\"fusion-read-more\" href=\"https:\/\/fabianamargulis.com.ar\/es\/abogacia\/\" aria-label=\"More on Abogac\u00eda\">Read More<\/a><\/div><\/div><\/div><div class=\"fusion-clearfix\"><\/div><\/div>\n<\/article>\n<article id=\"blog-1-post-167\" class=\"fusion-post-masonry fusion-post-grid fusion-element-grid post-167 post type-post status-publish format-standard has-post-thumbnail hentry category-servicios\">\n<div class=\"fusion-post-wrapper\" style=\"background-color:rgba(255,255,255,1);border:1px solid #ebeaea;border-bottom-width:3px;\"><div  class=\"fusion-masonry-element-container fusion-image-wrapper\" style=\"background-image:url(https:\/\/fabianamargulis.com.ar\/wp-content\/uploads\/2023\/07\/4.jpg);padding-top:calc((100% + 18px) * 0.8 - 10px);\" aria-haspopup=\"true\">\n\t\t\t\t<img decoding=\"async\" width=\"1920\" height=\"1280\" src=\"https:\/\/fabianamargulis.com.ar\/wp-content\/uploads\/2023\/07\/4.jpg\" class=\"attachment-full size-full wp-post-image\" alt=\"\" srcset=\"https:\/\/fabianamargulis.com.ar\/wp-content\/uploads\/2023\/07\/4-200x133.jpg 200w, https:\/\/fabianamargulis.com.ar\/wp-content\/uploads\/2023\/07\/4-400x267.jpg 400w, https:\/\/fabianamargulis.com.ar\/wp-content\/uploads\/2023\/07\/4-600x400.jpg 600w, https:\/\/fabianamargulis.com.ar\/wp-content\/uploads\/2023\/07\/4-800x533.jpg 800w, https:\/\/fabianamargulis.com.ar\/wp-content\/uploads\/2023\/07\/4-1200x800.jpg 1200w, https:\/\/fabianamargulis.com.ar\/wp-content\/uploads\/2023\/07\/4.jpg 1920w\" sizes=\"(min-width: 2200px) 100vw, (min-width: 732px) 530px, (min-width: 640px) 732px, \" \/><div class=\"fusion-rollover\">\n\t<div class=\"fusion-rollover-content\">\n\n\t\t\t\t\n\t\t\n\t\t\t\t\t\t\t\t\t\t\t\t<h4 class=\"fusion-rollover-title\">\n\t\t\t\t\t<a class=\"fusion-rollover-title-link\" href=\"https:\/\/fabianamargulis.com.ar\/es\/arquitectura\/\">\n\t\t\t\t\t\tArquitectura\t\t\t\t\t<\/a>\n\t\t\t\t<\/h4>\n\t\t\t\n\t\t\t\t\t\t\t\t\t\t<div class=\"fusion-rollover-categories\"><a href=\"https:\/\/fabianamargulis.com.ar\/es\/category\/servicios\/\" rel=\"tag\">Servicios<\/a><\/div>\t\t\t\t\t\n\t\t\n\t\t\t\t\t\t<a class=\"fusion-link-wrapper\" href=\"https:\/\/fabianamargulis.com.ar\/es\/arquitectura\/\" aria-label=\"Arquitectura\"><\/a>\n\t<\/div>\n<\/div>\n<\/div>\n<div class=\"fusion-post-content-wrapper\" style=\"padding:30px 25px 20px 25px;background-color:rgba(255,255,255,1);\"><div class=\"fusion-post-content post-content\"><h2 class=\"blog-shortcode-post-title entry-title\"><a href=\"https:\/\/fabianamargulis.com.ar\/es\/arquitectura\/\">Arquitectura<\/a><\/h2><div class=\"fusion-post-content-container\"><p>    Arquitectura  Servicios Ofrecidos  Asesoramiento. Planos en Autocad. Tr\u00e1mites municipales de habilitaciones de locales comerciales, Ley 257. Informes t\u00e9cnicos, pericias, arquitectura legal, patolog\u00edas de la<\/p><\/div><\/div><div class=\"fusion-meta-info\"><div class=\"fusion-alignleft\"><a class=\"fusion-read-more\" href=\"https:\/\/fabianamargulis.com.ar\/es\/arquitectura\/\" aria-label=\"More on Arquitectura\">Read More<\/a><\/div><\/div><\/div><div class=\"fusion-clearfix\"><\/div><\/div>\n<\/article>\n<article id=\"blog-1-post-165\" class=\"fusion-post-masonry fusion-post-grid fusion-element-grid post-165 post type-post status-publish format-standard has-post-thumbnail hentry category-servicios\">\n<div class=\"fusion-post-wrapper\" style=\"background-color:rgba(255,255,255,1);border:1px solid #ebeaea;border-bottom-width:3px;\"><div  class=\"fusion-masonry-element-container fusion-image-wrapper\" style=\"background-image:url(https:\/\/fabianamargulis.com.ar\/wp-content\/uploads\/2023\/07\/5.jpg);padding-top:calc((100% + 18px) * 0.8 - 10px);\" aria-haspopup=\"true\">\n\t\t\t\t<img decoding=\"async\" width=\"1920\" height=\"1280\" src=\"https:\/\/fabianamargulis.com.ar\/wp-content\/uploads\/2023\/07\/5.jpg\" class=\"attachment-full size-full wp-post-image\" alt=\"\" srcset=\"https:\/\/fabianamargulis.com.ar\/wp-content\/uploads\/2023\/07\/5-200x133.jpg 200w, https:\/\/fabianamargulis.com.ar\/wp-content\/uploads\/2023\/07\/5-400x267.jpg 400w, https:\/\/fabianamargulis.com.ar\/wp-content\/uploads\/2023\/07\/5-600x400.jpg 600w, https:\/\/fabianamargulis.com.ar\/wp-content\/uploads\/2023\/07\/5-800x533.jpg 800w, https:\/\/fabianamargulis.com.ar\/wp-content\/uploads\/2023\/07\/5-1200x800.jpg 1200w, https:\/\/fabianamargulis.com.ar\/wp-content\/uploads\/2023\/07\/5.jpg 1920w\" sizes=\"(min-width: 2200px) 100vw, (min-width: 732px) 530px, (min-width: 640px) 732px, \" \/><div class=\"fusion-rollover\">\n\t<div class=\"fusion-rollover-content\">\n\n\t\t\t\t\n\t\t\n\t\t\t\t\t\t\t\t\t\t\t\t<h4 class=\"fusion-rollover-title\">\n\t\t\t\t\t<a class=\"fusion-rollover-title-link\" href=\"https:\/\/fabianamargulis.com.ar\/es\/artes-plasticas\/\">\n\t\t\t\t\t\tArtes Pl\u00e1sticas\t\t\t\t\t<\/a>\n\t\t\t\t<\/h4>\n\t\t\t\n\t\t\t\t\t\t\t\t\t\t<div class=\"fusion-rollover-categories\"><a href=\"https:\/\/fabianamargulis.com.ar\/es\/category\/servicios\/\" rel=\"tag\">Servicios<\/a><\/div>\t\t\t\t\t\n\t\t\n\t\t\t\t\t\t<a class=\"fusion-link-wrapper\" href=\"https:\/\/fabianamargulis.com.ar\/es\/artes-plasticas\/\" aria-label=\"Artes Pl\u00e1sticas\"><\/a>\n\t<\/div>\n<\/div>\n<\/div>\n<div class=\"fusion-post-content-wrapper\" style=\"padding:30px 25px 20px 25px;background-color:rgba(255,255,255,1);\"><div class=\"fusion-post-content post-content\"><h2 class=\"blog-shortcode-post-title entry-title\"><a href=\"https:\/\/fabianamargulis.com.ar\/es\/artes-plasticas\/\">Artes Pl\u00e1sticas<\/a><\/h2><div class=\"fusion-post-content-container\"><p>    Artes Pl\u00e1sticas  Servicios ofrecidos  Pintura de cuadros y murales por encargo. Exposiciones de pintura y escultura.  Aqu\u00ed podr\u00e1s ver mis obras  <\/p><\/div><\/div><div class=\"fusion-meta-info\"><div class=\"fusion-alignleft\"><a class=\"fusion-read-more\" href=\"https:\/\/fabianamargulis.com.ar\/es\/artes-plasticas\/\" aria-label=\"More on Artes Pl\u00e1sticas\">Read More<\/a><\/div><\/div><\/div><div class=\"fusion-clearfix\"><\/div><\/div>\n<\/article>\n<div class=\"fusion-clearfix\"><\/div><\/div><\/div><div class=\"fusion-clearfix\"><\/div><\/div><\/div><\/div><\/div>\n","protected":false},"excerpt":{"rendered":"","protected":false},"author":2,"featured_media":0,"parent":0,"menu_order":0,"comment_status":"closed","ping_status":"closed","template":"100-width.php","meta":{"footnotes":""},"_links":{"self":[{"href":"https:\/\/fabianamargulis.com.ar\/es\/wp-json\/wp\/v2\/pages\/148"}],"collection":[{"href":"https:\/\/fabianamargulis.com.ar\/es\/wp-json\/wp\/v2\/pages"}],"about":[{"href":"https:\/\/fabianamargulis.com.ar\/es\/wp-json\/wp\/v2\/types\/page"}],"author":[{"embeddable":true,"href":"https:\/\/fabianamargulis.com.ar\/es\/wp-json\/wp\/v2\/users\/2"}],"replies":[{"embeddable":true,"href":"https:\/\/fabianamargulis.com.ar\/es\/wp-json\/wp\/v2\/comments?post=148"}],"version-history":[{"count":0,"href":"https:\/\/fabianamargulis.com.ar\/es\/wp-json\/wp\/v2\/pages\/148\/revisions"}],"wp:attachment":[{"href":"https:\/\/fabianamargulis.com.ar\/es\/wp-json\/wp\/v2\/media?parent=148"}],"curies":[{"name":"wp","href":"https:\/\/api.w.org\/{rel}","templated":true}]}}