{"id":150,"date":"2019-03-12T21:28:28","date_gmt":"2019-03-12T21:28:28","guid":{"rendered":"http:\/\/fabianamargulis.com.ar\/?page_id=150"},"modified":"2020-01-29T20:07:41","modified_gmt":"2020-01-29T20:07:41","slug":"acerca-de-mi","status":"publish","type":"page","link":"https:\/\/fabianamargulis.com.ar\/es\/acerca-de-mi\/","title":{"rendered":"Acerca de m\u00ed"},"content":{"rendered":"<p><div class=\"fusion-fullwidth fullwidth-box fusion-builder-row-1 nonhundred-percent-fullwidth non-hundred-percent-height-scrolling\" style=\"--awb-border-radius-top-left:0px;--awb-border-radius-top-right:0px;--awb-border-radius-bottom-right:0px;--awb-border-radius-bottom-left:0px;--awb-padding-top:5%;--awb-padding-bottom:0px;--awb-flex-wrap:wrap;\" ><div class=\"fusion-builder-row fusion-row\"><div class=\"fusion-layout-column fusion_builder_column fusion-builder-column-0 fusion_builder_column_3_4 3_4 fusion-three-fourth fusion-column-first fusion-animated\" style=\"--awb-bg-size:cover;width:75%;width:calc(75% - ( ( 4% ) * 0.75 ) );margin-right: 4%;\" data-animationType=\"fadeInLeft\" data-animationDuration=\"0.8\" data-animationOffset=\"top-into-view\"><div class=\"fusion-column-wrapper fusion-column-has-shadow fusion-flex-column-wrapper-legacy\"><div class=\"fusion-title title fusion-title-1 fusion-sep-none fusion-title-text fusion-title-size-two\"><h2 class=\"fusion-title-heading title-heading-left fusion-responsive-typography-calculated\" style=\"margin:0;--fontSize:42;line-height:1.2;\">Acerca de m\u00ed<\/h2><\/div><div class=\"fusion-clearfix\"><\/div><\/div><\/div><div class=\"fusion-layout-column fusion_builder_column fusion-builder-column-1 fusion_builder_column_1_4 1_4 fusion-one-fourth fusion-column-last fusion-no-small-visibility fusion-no-medium-visibility\" style=\"--awb-bg-size:cover;width:25%;width:calc(25% - ( ( 4% ) * 0.25 ) );\"><div class=\"fusion-column-wrapper fusion-column-has-shadow fusion-flex-column-wrapper-legacy\"><div class=\"fusion-sep-clear\"><\/div><div class=\"fusion-separator fusion-full-width-sep\" style=\"margin-left: auto;margin-right: auto;margin-top:20%;width:100%;\"><\/div><div class=\"fusion-sep-clear\"><\/div><div class=\"fusion-clearfix\"><\/div><\/div><\/div><\/div><\/div><div class=\"fusion-fullwidth fullwidth-box fusion-builder-row-2 nonhundred-percent-fullwidth non-hundred-percent-height-scrolling fusion-equal-height-columns\" style=\"--awb-border-radius-top-left:0px;--awb-border-radius-top-right:0px;--awb-border-radius-bottom-right:0px;--awb-border-radius-bottom-left:0px;--awb-flex-wrap:wrap;\" ><div class=\"fusion-builder-row fusion-row\"><div class=\"fusion-layout-column fusion_builder_column fusion-builder-column-2 fusion_builder_column_1_1 1_1 fusion-one-full fusion-column-first fusion-column-last fusion-animated\" style=\"--awb-padding-bottom:6%;--awb-bg-size:cover;\" data-animationType=\"fadeInLeft\" data-animationDuration=\"0.8\" data-animationOffset=\"top-into-view\"><div class=\"fusion-column-wrapper fusion-column-has-shadow fusion-flex-column-wrapper-legacy\"><div class=\"fusion-column-content-centered\"><div class=\"fusion-column-content\"><div class=\"fusion-text fusion-text-1 awb-text-cols fusion-text-columns-2\" style=\"--awb-columns:2;--awb-column-spacing:2em;--awb-column-min-width:100px;\"><p>Fabiana Paula Margulis es Traductora P\u00fablica en Idioma Ingl\u00e9s egresada de la Universidad de Buenos Aires y Arquitecta y Abogada egresada de la misma universidad.<\/p>\n<p>Desde peque\u00f1a ha sentido inclinaci\u00f3n por dos \u00e1reas bien definidas: los idiomas y el arte en general. Comenz\u00f3 con el aprendizaje de los idiomas ingl\u00e9s y hebreo desde muy peque\u00f1a, ya que asisti\u00f3 a un colegio triling\u00fce donde aprendi\u00f3 ambos idiomas a la perfecci\u00f3n.<\/p>\n<p>Luego de graduarse, comenz\u00f3 sus estudios de arquitectura en la FADU, donde obtuvo el t\u00edtulo de Arquitecta en agosto de 1992.<\/p>\n<p>Desde 1989 hasta la fecha, se ha desempe\u00f1ado como profesora de ingl\u00e9s y espa\u00f1ol a extranjeros en empresas de primer nivel, academias e institutos de idiomas.<\/p>\n<p>Trabaj\u00f3 en embajadas y colegios y ense\u00f1\u00f3 a alumnos particulares los idiomas ingl\u00e9s, hebreo y espa\u00f1ol a extranjeros. Realiz\u00f3 capacitaciones en interpretaci\u00f3n consecutiva y simult\u00e1nea, estudi\u00f3 franc\u00e9s en la Alianza Francesa y rindi\u00f3 los ex\u00e1menes internacionales DELF en idioma franc\u00e9s.<\/p>\n<p>Curs\u00f3 un a\u00f1o y medio del profesorado de idioma hebreo para colegios secundarios en el Seminario Rab\u00ednico Abarbanel.<\/p>\n<p>En el a\u00f1o 2002, comenz\u00f3 a estudiar Traductorado P\u00fablico en Idioma Ingl\u00e9s, carrera de la que se gradu\u00f3 en diciembre de 2008. Actualmente se desempe\u00f1a como traductora y revisora de textos de ingl\u00e9s&lt;&gt;espa\u00f1ol y hebreo&lt;&gt;ingl\u00e9s y espa\u00f1ol, perito judicial en los idiomas ingl\u00e9s&lt;&gt;espa\u00f1ol y profesora de ingl\u00e9s y espa\u00f1ol a extranjeros. Adem\u00e1s, ofrece asesoramiento jur\u00eddico y arquitect\u00f3nico profesional a clientes particulares. Luego de unos a\u00f1os, en 2011, comenz\u00f3 sus estudios de Abogac\u00eda y se recibi\u00f3 de Abogada en julio de 2018.<\/p>\n<p>Es miembro activo de las Comisiones de Labor Pericial e Interpretaci\u00f3n del Colegio de Traductores P\u00fablicos de la Ciudad de Buenos Aires.<\/p>\n<p>En cuanto al \u00e1rea art\u00edstica, es profesora de danzas cl\u00e1sicas y tom\u00f3 cursos de dibujo y escultura en la Asociaci\u00f3n Est\u00edmulo Bellas Artes y con Eduardo Gualdoni y de pintura con Silvia \u00c1lvarez y Alejandro Costas.<\/p>\n<p>Tambi\u00e9n aprendi\u00f3 cer\u00e1mica, grabado y vidrio, entre otras cosas. Realiz\u00f3 varias exposiciones de pintura individuales y colectivas en el Teatro de Luz y Fuerza, Sindicato de Luz y Fuerza, Banco Provincia de Avellaneda, Club Hebraica Sede Sarmiento y en el Colegio de Traductores P\u00fablicos de la Ciudad de Buenos Aires.<\/p>\n<\/div><\/div><\/div><div class=\"fusion-clearfix\"><\/div><\/div><\/div><div class=\"fusion-layout-column fusion_builder_column fusion-builder-column-3 fusion_builder_column_1_1 1_1 fusion-one-full fusion-column-first fusion-column-last fusion-animated\" style=\"--awb-padding-bottom:3%;--awb-overflow:hidden;--awb-bg-image:url(&#039;http:\/\/fabianamargulis.com.ar\/wp-content\/uploads\/2020\/01\/Paisaje-campestre-1-1-1.jpg&#039;);--awb-bg-position:center bottom;--awb-bg-size:cover;--awb-border-radius:0px 0px 0px 120px;\" data-animationType=\"fadeInRight\" data-animationDuration=\"0.8\" data-animationOffset=\"top-into-view\"><div class=\"fusion-column-wrapper fusion-column-has-shadow fusion-flex-column-wrapper-legacy fusion-empty-column-bg-image fusion-column-has-bg-image\" data-bg-url=\"http:\/\/fabianamargulis.com.ar\/wp-content\/uploads\/2020\/01\/Paisaje-campestre-1-1-1.jpg\"><img decoding=\"async\" class=\"fusion-empty-dims-img-placeholder fusion-no-large-visibility\" src=\"data:image\/gif;base64,R0lGODlhAQABAAAAACH5BAEKAAEALAAAAAABAAEAAAICTAEAOw==\"><div class=\"fusion-clearfix\"><\/div><\/div><\/div><\/div><\/div><div class=\"fusion-fullwidth fullwidth-box fusion-builder-row-3 nonhundred-percent-fullwidth non-hundred-percent-height-scrolling\" style=\"--awb-border-radius-top-left:0px;--awb-border-radius-top-right:0px;--awb-border-radius-bottom-right:0px;--awb-border-radius-bottom-left:0px;--awb-flex-wrap:wrap;\" ><div class=\"fusion-builder-row fusion-row\"><div class=\"fusion-layout-column fusion_builder_column fusion-builder-column-4 fusion_builder_column_1_1 1_1 fusion-one-full fusion-column-first fusion-column-last\" style=\"--awb-bg-size:cover;\"><div class=\"fusion-column-wrapper fusion-column-has-shadow fusion-flex-column-wrapper-legacy\"><div class=\"fusion-sep-clear\"><\/div><div class=\"fusion-separator fusion-full-width-sep\" style=\"margin-left: auto;margin-right: auto;margin-bottom:5%;width:100%;\"><\/div><div class=\"fusion-sep-clear\"><\/div><div class=\"fusion-clearfix\"><\/div><\/div><\/div><\/div><\/div><\/p>\n","protected":false},"excerpt":{"rendered":"","protected":false},"author":2,"featured_media":0,"parent":0,"menu_order":0,"comment_status":"closed","ping_status":"closed","template":"100-width.php","meta":{"footnotes":""},"_links":{"self":[{"href":"https:\/\/fabianamargulis.com.ar\/es\/wp-json\/wp\/v2\/pages\/150"}],"collection":[{"href":"https:\/\/fabianamargulis.com.ar\/es\/wp-json\/wp\/v2\/pages"}],"about":[{"href":"https:\/\/fabianamargulis.com.ar\/es\/wp-json\/wp\/v2\/types\/page"}],"author":[{"embeddable":true,"href":"https:\/\/fabianamargulis.com.ar\/es\/wp-json\/wp\/v2\/users\/2"}],"replies":[{"embeddable":true,"href":"https:\/\/fabianamargulis.com.ar\/es\/wp-json\/wp\/v2\/comments?post=150"}],"version-history":[{"count":0,"href":"https:\/\/fabianamargulis.com.ar\/es\/wp-json\/wp\/v2\/pages\/150\/revisions"}],"wp:attachment":[{"href":"https:\/\/fabianamargulis.com.ar\/es\/wp-json\/wp\/v2\/media?parent=150"}],"curies":[{"name":"wp","href":"https:\/\/api.w.org\/{rel}","templated":true}]}}