{"id":2235,"date":"2020-01-21T20:30:49","date_gmt":"2020-01-21T20:30:49","guid":{"rendered":"http:\/\/fabianamargulis.com.ar\/?page_id=2235"},"modified":"2020-01-21T22:06:38","modified_gmt":"2020-01-21T22:06:38","slug":"blog","status":"publish","type":"page","link":"https:\/\/fabianamargulis.com.ar\/es\/blog\/","title":{"rendered":"Blog"},"content":{"rendered":"<div class=\"fusion-fullwidth fullwidth-box fusion-builder-row-1 nonhundred-percent-fullwidth non-hundred-percent-height-scrolling\" style=\"--awb-border-radius-top-left:0px;--awb-border-radius-top-right:0px;--awb-border-radius-bottom-right:0px;--awb-border-radius-bottom-left:0px;--awb-flex-wrap:wrap;\" ><div class=\"fusion-builder-row fusion-row\"><div class=\"fusion-layout-column fusion_builder_column fusion-builder-column-0 fusion_builder_column_1_1 1_1 fusion-one-full fusion-column-first fusion-column-last\" style=\"--awb-bg-size:cover;\"><div class=\"fusion-column-wrapper fusion-column-has-shadow fusion-flex-column-wrapper-legacy\"><div class=\"fusion-title title fusion-title-1 fusion-sep-none fusion-title-text fusion-title-size-one\"><h1 class=\"fusion-title-heading title-heading-left fusion-responsive-typography-calculated\" style=\"margin:0;--fontSize:52;line-height:1.3;\">Blog<\/h1><\/div><div class=\"fusion-sep-clear\"><\/div><div class=\"fusion-separator fusion-full-width-sep\" style=\"margin-left: auto;margin-right: auto;margin-bottom:3%;width:100%;\"><\/div><div class=\"fusion-sep-clear\"><\/div><div class=\"fusion-recent-posts fusion-recent-posts-1 avada-container layout-thumbnails-on-side layout-columns-1 fusion-recent-posts-infinite\" data-pages=\"1\"><section class=\"fusion-columns columns fusion-columns-1 columns-1\"><article class=\"post fusion-column column col col-lg-12 col-md-12 col-sm-12\"><div class=\"fusion-flexslider fusion-flexslider-loading flexslider floated-slideshow flexslider-hover-type-none\"><ul class=\"slides\"><li><a href=\"https:\/\/fabianamargulis.com.ar\/es\/todo-lo-que-hay-que-tener-en-cuenta-antes-de-pasar-un-presupuesto\/\" aria-label=\"Todo lo que hay que tener en cuenta antes de pasar un presupuesto\" class=\"hover-type-none\"><img decoding=\"async\" width=\"200\" height=\"279\" src=\"https:\/\/fabianamargulis.com.ar\/wp-content\/uploads\/2020\/01\/Todo-lo-que-hay-que-tener-en-cuenta-antes-de-pasar-un-presupuesto.jpg\" class=\"attachment-fusion-200 size-fusion-200\" alt=\"\" srcset=\"https:\/\/fabianamargulis.com.ar\/wp-content\/uploads\/2020\/01\/Todo-lo-que-hay-que-tener-en-cuenta-antes-de-pasar-un-presupuesto-200x279.jpg 200w, https:\/\/fabianamargulis.com.ar\/wp-content\/uploads\/2020\/01\/Todo-lo-que-hay-que-tener-en-cuenta-antes-de-pasar-un-presupuesto-400x558.jpg 400w, https:\/\/fabianamargulis.com.ar\/wp-content\/uploads\/2020\/01\/Todo-lo-que-hay-que-tener-en-cuenta-antes-de-pasar-un-presupuesto.jpg 500w\" sizes=\"(max-width: 200px) 100vw, 200px\" \/><\/a><\/li><\/ul><\/div><div class=\"recent-posts-content\"><span class=\"vcard\" style=\"display: none;\"><span class=\"fn\"><a href=\"https:\/\/fabianamargulis.com.ar\/es\/author\/alacasa\/\" title=\"Entradas de alacasa\" rel=\"author\">alacasa<\/a><\/span><\/span><span class=\"updated\" style=\"display:none;\">2020-01-21T20:27:28+00:00<\/span><h4 class=\"entry-title\"><a href=\"https:\/\/fabianamargulis.com.ar\/es\/todo-lo-que-hay-que-tener-en-cuenta-antes-de-pasar-un-presupuesto\/\">Todo lo que hay que tener en cuenta antes de pasar un presupuesto<\/a><\/h4><p class=\"meta\"><span class=\"vcard\" style=\"display: none;\"><span class=\"fn\"><a href=\"https:\/\/fabianamargulis.com.ar\/es\/author\/alacasa\/\" title=\"Entradas de alacasa\" rel=\"author\">alacasa<\/a><\/span><\/span><span class=\"updated\" style=\"display:none;\">2020-01-21T20:27:28+00:00<\/span><\/p><p>  Todo lo que hay que tener en cuenta antes de pasar un presupuesto  Margulis, Fabiana  En:\u00a0Revista CTPCBA : del Colegio de Traductores P\u00fablicos de la Ciudad de Buenos Aires ; (diciembre-febrero 2012-2013) n.115 : p. 18-19. - Buenos Aires : Colegio de Traductores P\u00fablicos de la Ciudad de Buenos Aires, diciembre-febrero 2012-2013 Temas:\u00a0HONORARIOS;\u00a0HONORARIOS PROFESIONALES;\u00a0TRADUCCIONES;\u00a0TRADUCCION LITERARIA;\u00a0TRADUCCION PUBLICA;\u00a0TRADUCCION CIENTIFICO-TECNICA;\u00a0PRESUPUESTO; Resumen:\u00a0Durante el a\u00f1o 2011, una clienta le solicit\u00f3 a la autora de esta nota que le presupuestara la traducci\u00f3n al espa\u00f1ol de una serie de libros de asesor\u00eda de<\/p><\/div><\/article><article class=\"post fusion-column column col col-lg-12 col-md-12 col-sm-12\"><div class=\"fusion-flexslider fusion-flexslider-loading flexslider floated-slideshow flexslider-hover-type-none\"><ul class=\"slides\"><li><a href=\"https:\/\/fabianamargulis.com.ar\/es\/villa-ocampo-viaje-al-corazon-de-la-cultura\/\" aria-label=\"Villa Ocampo, viaje al coraz\u00f3n de la cultura\" class=\"hover-type-none\"><img decoding=\"async\" width=\"200\" height=\"279\" src=\"https:\/\/fabianamargulis.com.ar\/wp-content\/uploads\/2020\/01\/Villa-Ocampo.jpg\" class=\"attachment-fusion-200 size-fusion-200\" alt=\"\" srcset=\"https:\/\/fabianamargulis.com.ar\/wp-content\/uploads\/2020\/01\/Villa-Ocampo-200x279.jpg 200w, https:\/\/fabianamargulis.com.ar\/wp-content\/uploads\/2020\/01\/Villa-Ocampo-400x558.jpg 400w, https:\/\/fabianamargulis.com.ar\/wp-content\/uploads\/2020\/01\/Villa-Ocampo.jpg 500w\" sizes=\"(max-width: 200px) 100vw, 200px\" \/><\/a><\/li><\/ul><\/div><div class=\"recent-posts-content\"><span class=\"vcard\" style=\"display: none;\"><span class=\"fn\"><a href=\"https:\/\/fabianamargulis.com.ar\/es\/author\/alacasa\/\" title=\"Entradas de alacasa\" rel=\"author\">alacasa<\/a><\/span><\/span><span class=\"updated\" style=\"display:none;\">2020-01-21T20:25:51+00:00<\/span><h4 class=\"entry-title\"><a href=\"https:\/\/fabianamargulis.com.ar\/es\/villa-ocampo-viaje-al-corazon-de-la-cultura\/\">Villa Ocampo, viaje al coraz\u00f3n de la cultura<\/a><\/h4><p class=\"meta\"><span class=\"vcard\" style=\"display: none;\"><span class=\"fn\"><a href=\"https:\/\/fabianamargulis.com.ar\/es\/author\/alacasa\/\" title=\"Entradas de alacasa\" rel=\"author\">alacasa<\/a><\/span><\/span><span class=\"updated\" style=\"display:none;\">2020-01-21T20:25:51+00:00<\/span><\/p><p>  Villa Ocampo, viaje al coraz\u00f3n de la cultura  Margulis, Fabiana CTPCBA. Comisi\u00f3n de Traductores Em\u00e9ritos  En:\u00a0Revista CTPCBA : del Colegio de Traductores P\u00fablicos de la Ciudad de Buenos Aires (junio-agosto 2014) n. 122 : p. 49-51. - Buenos Aires : Colegio de Traductores P\u00fablicos de la Ciudad de Buenos Aires, junio-agosto 2014; ilus. Temas:\u00a0COMISIONES;\u00a0EMERITOS;\u00a0ACTIVIDADES;\u00a0CULTURA;\u00a0BUENOS AIRES;\u00a0CTPCBA [BUENOS AIRES]; Resumen:\u00a0La visita a Villa Ocampo -organizada por la Comisi\u00f3n de Traductores Em\u00e9ritos del CTPCBA, a cargo de la consejera Beatriz Rodriguez- fue gratificante y enriquecedora. No solo se conoci\u00f3<\/p><\/div><\/article><article class=\"post fusion-column column col col-lg-12 col-md-12 col-sm-12\"><div class=\"fusion-flexslider fusion-flexslider-loading flexslider floated-slideshow flexslider-hover-type-none\"><ul class=\"slides\"><li><a href=\"https:\/\/fabianamargulis.com.ar\/es\/mi-primera-pericia-en-un-juzgado-penal\/\" aria-label=\"Mi primera pericia en un juzgado penal\" class=\"hover-type-none\"><img decoding=\"async\" width=\"200\" height=\"279\" src=\"https:\/\/fabianamargulis.com.ar\/wp-content\/uploads\/2020\/01\/Mi-primera-pericia-en-un-juzgado-penal.jpg\" class=\"attachment-fusion-200 size-fusion-200\" alt=\"\" srcset=\"https:\/\/fabianamargulis.com.ar\/wp-content\/uploads\/2020\/01\/Mi-primera-pericia-en-un-juzgado-penal-200x279.jpg 200w, https:\/\/fabianamargulis.com.ar\/wp-content\/uploads\/2020\/01\/Mi-primera-pericia-en-un-juzgado-penal-400x558.jpg 400w, https:\/\/fabianamargulis.com.ar\/wp-content\/uploads\/2020\/01\/Mi-primera-pericia-en-un-juzgado-penal.jpg 500w\" sizes=\"(max-width: 200px) 100vw, 200px\" \/><\/a><\/li><\/ul><\/div><div class=\"recent-posts-content\"><span class=\"vcard\" style=\"display: none;\"><span class=\"fn\"><a href=\"https:\/\/fabianamargulis.com.ar\/es\/author\/alacasa\/\" title=\"Entradas de alacasa\" rel=\"author\">alacasa<\/a><\/span><\/span><span class=\"updated\" style=\"display:none;\">2020-01-21T20:29:43+00:00<\/span><h4 class=\"entry-title\"><a href=\"https:\/\/fabianamargulis.com.ar\/es\/mi-primera-pericia-en-un-juzgado-penal\/\">Mi primera pericia en un juzgado penal<\/a><\/h4><p class=\"meta\"><span class=\"vcard\" style=\"display: none;\"><span class=\"fn\"><a href=\"https:\/\/fabianamargulis.com.ar\/es\/author\/alacasa\/\" title=\"Entradas de alacasa\" rel=\"author\">alacasa<\/a><\/span><\/span><span class=\"updated\" style=\"display:none;\">2020-01-21T20:29:43+00:00<\/span><\/p><p>  Mi primera pericia en un juzgado penal  Margulis, Fabiana \/ CTPCBA. Comisi\u00f3n de Labor Pericial  En:\u00a0Revista CTPCBA : del Colegio de Traductores P\u00fablicos de la Ciudad de Buenos Aires (septiembre-noviembre 2016) n.131 : p.30. - Buenos Aires : Colegio de Traductores P\u00fablicos de la Ciudad de Buenos Aires, septiembre-noviembre 2016 Temas:\u00a0CTPCBA [BUENOS AIRES];\u00a0COMISIONES;\u00a0PERITOS;\u00a0TRADUCTOR COMO PERITO;\u00a0INTERPRETES JURIDICOS;\u00a0PRACTICA PROFESIONAL;\u00a0DERECHO;\u00a0TESTIMONIOS; Resumen:\u00a0\"(...) Atend\u00ed cautelosamente y o\u00ed una voz del otro lado de la l\u00ednea que me dec\u00eda, en efecto, que me llamaban de un juzgado para saber si pod\u00eda presentarme<\/p><\/div><\/article><\/section><\/div><div class=\"fusion-clearfix\"><\/div><\/div><\/div><\/div><\/div>\n","protected":false},"excerpt":{"rendered":"","protected":false},"author":2,"featured_media":0,"parent":0,"menu_order":0,"comment_status":"closed","ping_status":"closed","template":"","meta":{"footnotes":""},"_links":{"self":[{"href":"https:\/\/fabianamargulis.com.ar\/es\/wp-json\/wp\/v2\/pages\/2235"}],"collection":[{"href":"https:\/\/fabianamargulis.com.ar\/es\/wp-json\/wp\/v2\/pages"}],"about":[{"href":"https:\/\/fabianamargulis.com.ar\/es\/wp-json\/wp\/v2\/types\/page"}],"author":[{"embeddable":true,"href":"https:\/\/fabianamargulis.com.ar\/es\/wp-json\/wp\/v2\/users\/2"}],"replies":[{"embeddable":true,"href":"https:\/\/fabianamargulis.com.ar\/es\/wp-json\/wp\/v2\/comments?post=2235"}],"version-history":[{"count":0,"href":"https:\/\/fabianamargulis.com.ar\/es\/wp-json\/wp\/v2\/pages\/2235\/revisions"}],"wp:attachment":[{"href":"https:\/\/fabianamargulis.com.ar\/es\/wp-json\/wp\/v2\/media?parent=2235"}],"curies":[{"name":"wp","href":"https:\/\/api.w.org\/{rel}","templated":true}]}}